{"id":2,"date":"2020-09-23T19:42:03","date_gmt":"2020-09-23T19:42:03","guid":{"rendered":"https:\/\/www.redlatambiocultural.org\/medicinatradicional\/?page_id=2"},"modified":"2024-07-25T00:23:43","modified_gmt":"2024-07-25T00:23:43","slug":"pagina-ejemplo","status":"publish","type":"page","link":"https:\/\/www.redlatambiocultural.org\/medicinatradicional\/pagina-ejemplo\/","title":{"rendered":"Bienvenidas y bienvenidos al nodo de medicina tradicional"},"content":{"rendered":"\n<figure class=\"wp-block-gallery has-nested-images columns-default is-cropped wp-block-gallery-1 is-layout-flex wp-block-gallery-is-layout-flex\">\n<figure class=\"wp-block-image size-large\"><img decoding=\"async\" data-id=\"25\" src=\"data:image\/gif;base64,R0lGODlhAQABAIAAAAAAAP\/\/\/yH5BAEAAAAALAAAAAABAAEAAAIBRAA7\" data-src=\"https:\/\/www.redlatambiocultural.org\/medicinatradicional\/wp-content\/uploads\/sites\/21\/2024\/06\/Nodo-medicina.png\" alt=\"\" class=\"wp-image-25 lazyload\" \/><noscript><img decoding=\"async\" width=\"554\" height=\"366\" data-id=\"25\" src=\"https:\/\/www.redlatambiocultural.org\/medicinatradicional\/wp-content\/uploads\/sites\/21\/2024\/06\/Nodo-medicina.png\" alt=\"\" class=\"wp-image-25 lazyload\" srcset=\"https:\/\/www.redlatambiocultural.org\/medicinatradicional\/wp-content\/uploads\/sites\/21\/2024\/06\/Nodo-medicina.png 554w, https:\/\/www.redlatambiocultural.org\/medicinatradicional\/wp-content\/uploads\/sites\/21\/2024\/06\/Nodo-medicina-300x198.png 300w, https:\/\/www.redlatambiocultural.org\/medicinatradicional\/wp-content\/uploads\/sites\/21\/2024\/06\/Nodo-medicina-400x264.png 400w\" sizes=\"(max-width: 554px) 100vw, 554px\" \/><\/noscript><figcaption class=\"wp-element-caption\"><strong>Don Tono. J men maya (\u2020). Fotograf\u00eda de Fulvio Eccardi<\/strong><\/figcaption><\/figure>\n<\/figure>\n\n\n\n<p class=\"has-text-align-left\">Tiene el objetivo de intercambiar y fortalecer experiencias, perspectivas y propuestas de los pueblos originarios, afrodescendientes, y de los portadores de diversos de conocimiento en torno a la salud, con el acompa\u00f1amiento de integrantes de sectores acad\u00e9micos, educativos, gubernamentales, instituciones p\u00fablicas, entre otros, que apoyan sus formas de entender, conocer y actuar en la vida. La finalidad es respaldar, visibilizar y acompa\u00f1ar la salvaguarda y continuidad de evoluci\u00f3n del manejo sustentable del diverso patrimonio bio-cultural medicinal latinoamericano que se encuentra en creciente riesgo. Lo cual incluye la necesaria protecci\u00f3n, valoraci\u00f3n, el reconocimiento de la autor\u00eda, y la promoci\u00f3n de las epistemolog\u00edas y aportaciones milenarias que han sido relegadas por la perspectiva biom\u00e9dica, con una mirada decolonial, intercultural, transdiciplinaria y participativa. <\/p>\n\n\n\n<p class=\"has-text-align-left\">El nodo medicina tradicional se encuentra de manera natural relacionado con la tem\u00e1tica de la alimentaci\u00f3n-nutrici\u00f3n, y en \u00e9ste convergen representantes de los pueblos originarios, investigadores de distintas disciplinas como la biolog\u00eda, la psicolog\u00eda, etnobot\u00e1nica, comunicaci\u00f3n, odontolog\u00eda, museograf\u00eda, estudios mesoamericanos, ecolog\u00eda humana, as\u00ed como personas responsables de programas de secretar\u00edas o ministerios de gobierno que trabajan en torno a la salud y a la educaci\u00f3n, entre otros.<\/p>\n\n\n\n<p><strong>M\u00f3nica Ch\u00e1vez Guzm\u00e1n.<\/strong> Unidad de Ciencias Sociales, Centro de Investigaciones Regionales Dr.Hideyo Noguchi. Universidad Aut\u00f3noma de Yucat\u00e1n. <\/p>\n\n\n<div class=\"wp-block-image\">\n<figure class=\"aligncenter size-large is-resized\"><img decoding=\"async\" src=\"data:image\/gif;base64,R0lGODlhAQABAIAAAAAAAP\/\/\/yH5BAEAAAAALAAAAAABAAEAAAIBRAA7\" data-src=\"https:\/\/www.redlatambiocultural.org\/medicinatradicional\/wp-content\/uploads\/sites\/21\/2024\/07\/Sin-titulo-1-3-1024x322.png\" alt=\"\" class=\"wp-image-90 lazyload\" style=\"width:332px;height:auto\" \/><noscript><img decoding=\"async\" width=\"1024\" height=\"322\" src=\"https:\/\/www.redlatambiocultural.org\/medicinatradicional\/wp-content\/uploads\/sites\/21\/2024\/07\/Sin-titulo-1-3-1024x322.png\" alt=\"\" class=\"wp-image-90 lazyload\" style=\"width:332px;height:auto\" srcset=\"https:\/\/www.redlatambiocultural.org\/medicinatradicional\/wp-content\/uploads\/sites\/21\/2024\/07\/Sin-titulo-1-3-1024x322.png 1024w, https:\/\/www.redlatambiocultural.org\/medicinatradicional\/wp-content\/uploads\/sites\/21\/2024\/07\/Sin-titulo-1-3-300x94.png 300w, https:\/\/www.redlatambiocultural.org\/medicinatradicional\/wp-content\/uploads\/sites\/21\/2024\/07\/Sin-titulo-1-3-768x241.png 768w, https:\/\/www.redlatambiocultural.org\/medicinatradicional\/wp-content\/uploads\/sites\/21\/2024\/07\/Sin-titulo-1-3-1536x483.png 1536w, https:\/\/www.redlatambiocultural.org\/medicinatradicional\/wp-content\/uploads\/sites\/21\/2024\/07\/Sin-titulo-1-3-400x126.png 400w, https:\/\/www.redlatambiocultural.org\/medicinatradicional\/wp-content\/uploads\/sites\/21\/2024\/07\/Sin-titulo-1-3-800x252.png 800w, https:\/\/www.redlatambiocultural.org\/medicinatradicional\/wp-content\/uploads\/sites\/21\/2024\/07\/Sin-titulo-1-3.png 1829w\" sizes=\"(max-width: 1024px) 100vw, 1024px\" \/><\/noscript><\/figure><\/div>","protected":false},"excerpt":{"rendered":"<p>Tiene el objetivo de intercambiar y fortalecer experiencias, perspectivas y propuestas de los pueblos originarios, afrodescendientes, y de los portadores de diversos de conocimiento en torno a la salud, con el acompa\u00f1amiento de integrantes de sectores acad\u00e9micos, educativos, gubernamentales, instituciones p\u00fablicas, entre otros, que apoyan sus formas de entender, conocer y actuar en la vida. [&hellip;]<\/p>\n","protected":false},"author":25,"featured_media":0,"parent":0,"menu_order":0,"comment_status":"closed","ping_status":"open","template":"","meta":{"footnotes":""},"_links":{"self":[{"href":"https:\/\/www.redlatambiocultural.org\/medicinatradicional\/wp-json\/wp\/v2\/pages\/2"}],"collection":[{"href":"https:\/\/www.redlatambiocultural.org\/medicinatradicional\/wp-json\/wp\/v2\/pages"}],"about":[{"href":"https:\/\/www.redlatambiocultural.org\/medicinatradicional\/wp-json\/wp\/v2\/types\/page"}],"author":[{"embeddable":true,"href":"https:\/\/www.redlatambiocultural.org\/medicinatradicional\/wp-json\/wp\/v2\/users\/25"}],"replies":[{"embeddable":true,"href":"https:\/\/www.redlatambiocultural.org\/medicinatradicional\/wp-json\/wp\/v2\/comments?post=2"}],"version-history":[{"count":7,"href":"https:\/\/www.redlatambiocultural.org\/medicinatradicional\/wp-json\/wp\/v2\/pages\/2\/revisions"}],"predecessor-version":[{"id":132,"href":"https:\/\/www.redlatambiocultural.org\/medicinatradicional\/wp-json\/wp\/v2\/pages\/2\/revisions\/132"}],"wp:attachment":[{"href":"https:\/\/www.redlatambiocultural.org\/medicinatradicional\/wp-json\/wp\/v2\/media?parent=2"}],"curies":[{"name":"wp","href":"https:\/\/api.w.org\/{rel}","templated":true}]}}